{"id":46,"date":"2020-02-28T18:49:35","date_gmt":"2020-02-28T17:49:35","guid":{"rendered":"http:\/\/www.rozdeleni-presto-spolu.net\/?page_id=46"},"modified":"2022-08-11T17:43:54","modified_gmt":"2022-08-11T15:43:54","slug":"vystupy-z-projektu","status":"publish","type":"page","link":"https:\/\/www.rozdeleni-presto-spolu.net\/index.php\/vystupy-z-projektu\/","title":{"rendered":"V\u00fdstupy z projektu"},"content":{"rendered":"\n<div class=\"wp-block-columns is-layout-flex wp-container-core-columns-is-layout-9d6595d7 wp-block-columns-is-layout-flex\">\n<div class=\"wp-block-column is-layout-flow wp-block-column-is-layout-flow\">\n<blockquote class=\"wp-block-quote is-layout-flow wp-block-quote-is-layout-flow\"><p><strong>\u010ceskoslovenk\u00e1 kucha\u0159ka<\/strong><\/p><p>Tradi\u010dn\u00ed pokrmy z \u010ceska a Slovenka<\/p><\/blockquote>\n\n\n\n<div class=\"wp-block-file\"><a href=\"http:\/\/www.rozdeleni-presto-spolu.net\/wp-content\/uploads\/2022\/08\/\u010ceskoslovensk\u00e1-kucha\u0159ka-slovn\u00ed\u010dek.pdf\">\u010ceskoslovensk\u00e1-kucha\u0159ka<\/a><a href=\"http:\/\/www.rozdeleni-presto-spolu.net\/wp-content\/uploads\/2022\/08\/\u010ceskoslovensk\u00e1-kucha\u0159ka-slovn\u00ed\u010dek.pdf\" class=\"wp-block-file__button\" download>St\u00e1hnout<\/a><\/div>\n\n\n\n<div class=\"wp-block-file\"><a href=\"http:\/\/www.rozdeleni-presto-spolu.net\/wp-content\/uploads\/2022\/08\/slovn\u00edk-kucha\u0159ka.pdf\">Slovn\u00edk &#8211; kucha\u0159ka<\/a><a href=\"http:\/\/www.rozdeleni-presto-spolu.net\/wp-content\/uploads\/2022\/08\/slovn\u00edk-kucha\u0159ka.pdf\" class=\"wp-block-file__button\" download>St\u00e1hnout<\/a><\/div>\n<\/div>\n\n\n\n<div class=\"wp-block-column is-layout-flow wp-block-column-is-layout-flow\">\n<figure class=\"wp-block-gallery aligncenter columns-1 is-cropped wp-block-gallery-1 is-layout-flex wp-block-gallery-is-layout-flex\"><ul class=\"blocks-gallery-grid\"><li class=\"blocks-gallery-item\"><figure><img loading=\"lazy\" decoding=\"async\" width=\"595\" height=\"842\" src=\"http:\/\/www.rozdeleni-presto-spolu.net\/wp-content\/uploads\/2022\/07\/page-1.jpeg\" alt=\"\" data-id=\"1398\" data-full-url=\"http:\/\/www.rozdeleni-presto-spolu.net\/wp-content\/uploads\/2022\/07\/page-1.jpeg\" data-link=\"http:\/\/www.rozdeleni-presto-spolu.net\/index.php\/vystupy-z-projektu\/page-1\/\" class=\"wp-image-1398\" srcset=\"https:\/\/www.rozdeleni-presto-spolu.net\/wp-content\/uploads\/2022\/07\/page-1.jpeg 595w, https:\/\/www.rozdeleni-presto-spolu.net\/wp-content\/uploads\/2022\/07\/page-1-212x300.jpeg 212w\" sizes=\"auto, (max-width: 595px) 100vw, 595px\" \/><\/figure><\/li><\/ul><\/figure>\n<\/div>\n<\/div>\n\n\n\n<div class=\"wp-block-columns is-layout-flex wp-container-core-columns-is-layout-9d6595d7 wp-block-columns-is-layout-flex\">\n<div class=\"wp-block-column is-layout-flow wp-block-column-is-layout-flow\">\n<figure class=\"wp-block-gallery aligncenter columns-1 is-cropped wp-block-gallery-2 is-layout-flex wp-block-gallery-is-layout-flex\"><ul class=\"blocks-gallery-grid\"><li class=\"blocks-gallery-item\"><figure><img loading=\"lazy\" decoding=\"async\" width=\"595\" height=\"842\" src=\"http:\/\/www.rozdeleni-presto-spolu.net\/wp-content\/uploads\/2022\/08\/page-1-1.png\" alt=\"\" data-id=\"1410\" data-full-url=\"http:\/\/www.rozdeleni-presto-spolu.net\/wp-content\/uploads\/2022\/08\/page-1-1.png\" data-link=\"http:\/\/www.rozdeleni-presto-spolu.net\/index.php\/vystupy-z-projektu\/page-1-1\/\" class=\"wp-image-1410\" srcset=\"https:\/\/www.rozdeleni-presto-spolu.net\/wp-content\/uploads\/2022\/08\/page-1-1.png 595w, https:\/\/www.rozdeleni-presto-spolu.net\/wp-content\/uploads\/2022\/08\/page-1-1-212x300.png 212w\" sizes=\"auto, (max-width: 595px) 100vw, 595px\" \/><\/figure><\/li><\/ul><\/figure>\n<\/div>\n\n\n\n<div class=\"wp-block-column is-layout-flow wp-block-column-is-layout-flow\">\n<blockquote class=\"wp-block-quote is-layout-flow wp-block-quote-is-layout-flow\"><p><strong>Kade\u0159nick\u00e9 \u00fa\u010desy<\/strong><\/p><p><\/p><\/blockquote>\n\n\n\n<div class=\"wp-block-file\"><a href=\"http:\/\/www.rozdeleni-presto-spolu.net\/wp-content\/uploads\/2022\/08\/Kade\u0159nick\u00e9-\u00fa\u010desy-1-slovn\u00ed\u010dek.pdf\">1. S prvkem vln a loken<\/a><a href=\"http:\/\/www.rozdeleni-presto-spolu.net\/wp-content\/uploads\/2022\/08\/Kade\u0159nick\u00e9-\u00fa\u010desy-1-slovn\u00ed\u010dek.pdf\" class=\"wp-block-file__button\" download>St\u00e1hnout<\/a><\/div>\n\n\n\n<div class=\"wp-block-file\"><a href=\"http:\/\/www.rozdeleni-presto-spolu.net\/wp-content\/uploads\/2022\/08\/Kade\u0159nick\u00e9-\u00fa\u010desy-2.pdf\">2. Ze spleten\u00fdch prvk\u016f<\/a><a href=\"http:\/\/www.rozdeleni-presto-spolu.net\/wp-content\/uploads\/2022\/08\/Kade\u0159nick\u00e9-\u00fa\u010desy-2.pdf\" class=\"wp-block-file__button\" download>St\u00e1hnout<\/a><\/div>\n\n\n\n<div class=\"wp-block-file\"><a href=\"http:\/\/www.rozdeleni-presto-spolu.net\/wp-content\/uploads\/2022\/08\/Kade\u0159nick\u00e9-\u00fa\u010desy-3.pdf\">3. Ve\u010dern\u00ed a svatebn\u00ed<\/a><a href=\"http:\/\/www.rozdeleni-presto-spolu.net\/wp-content\/uploads\/2022\/08\/Kade\u0159nick\u00e9-\u00fa\u010desy-3.pdf\" class=\"wp-block-file__button\" download>St\u00e1hnout<\/a><\/div>\n\n\n\n<div class=\"wp-block-file\"><a href=\"http:\/\/www.rozdeleni-presto-spolu.net\/wp-content\/uploads\/2022\/08\/Kade\u0159nick\u00e9-\u00fa\u010desy-4.pdf\">4. Se z\u00e1kladnou ve st\u0159edov\u00e9 partii<\/a><a href=\"http:\/\/www.rozdeleni-presto-spolu.net\/wp-content\/uploads\/2022\/08\/Kade\u0159nick\u00e9-\u00fa\u010desy-4.pdf\" class=\"wp-block-file__button\" download>St\u00e1hnout<\/a><\/div>\n\n\n\n<div class=\"wp-block-file\"><a href=\"http:\/\/www.rozdeleni-presto-spolu.net\/wp-content\/uploads\/2022\/08\/slovn\u00edk-kade\u0159nice.pdf\">Slovn\u00edk &#8211; kade\u0159nice<\/a><a href=\"http:\/\/www.rozdeleni-presto-spolu.net\/wp-content\/uploads\/2022\/08\/slovn\u00edk-kade\u0159nice.pdf\" class=\"wp-block-file__button\" download>St\u00e1hnout<\/a><\/div>\n<\/div>\n<\/div>\n\n\n\n<div class=\"wp-block-columns is-layout-flex wp-container-core-columns-is-layout-9d6595d7 wp-block-columns-is-layout-flex\">\n<div class=\"wp-block-column is-layout-flow wp-block-column-is-layout-flow\">\n<blockquote class=\"wp-block-quote is-layout-flow wp-block-quote-is-layout-flow\"><p> Srovn\u00e1n\u00ed \u010desk\u00e9ho a slovensk\u00e9ho  syst\u00e9mu odborn\u00e9ho \u0161kolstv\u00ed pro  obory Kade\u0159n\u00edk, Kade\u0159n\u00edk-\u010d\u00ed\u0161n\u00edk  a Hostinsk\u00fd <\/p><\/blockquote>\n\n\n\n<div class=\"wp-block-file\"><a href=\"http:\/\/www.rozdeleni-presto-spolu.net\/wp-content\/uploads\/2022\/08\/Srovn\u00e1n\u00ed-\u010desk\u00e9ho-a-slovensk\u00e9ho-syst\u00e9mu-odborn\u00e9ho-\u0161kolstv\u00ed-pro-obory-Kade\u0159n\u00edk-Kade\u0159n\u00edk-\u010d\u00ed\u0161n\u00edk-a-Hostinsk\u00fd.pdf\">Dokument ke sta\u017een\u00ed (PDF)<\/a><a href=\"http:\/\/www.rozdeleni-presto-spolu.net\/wp-content\/uploads\/2022\/08\/Srovn\u00e1n\u00ed-\u010desk\u00e9ho-a-slovensk\u00e9ho-syst\u00e9mu-odborn\u00e9ho-\u0161kolstv\u00ed-pro-obory-Kade\u0159n\u00edk-Kade\u0159n\u00edk-\u010d\u00ed\u0161n\u00edk-a-Hostinsk\u00fd.pdf\" class=\"wp-block-file__button\" download>St\u00e1hnout<\/a><\/div>\n<\/div>\n\n\n\n<div class=\"wp-block-column is-layout-flow wp-block-column-is-layout-flow\">\n<div class=\"wp-block-image\"><figure class=\"aligncenter size-large is-resized\"><img loading=\"lazy\" decoding=\"async\" src=\"http:\/\/www.rozdeleni-presto-spolu.net\/wp-content\/uploads\/2022\/08\/cropped-logo_CK_SK_-1024x627.png\" alt=\"\" class=\"wp-image-1420\" width=\"222\" height=\"135\" srcset=\"https:\/\/www.rozdeleni-presto-spolu.net\/wp-content\/uploads\/2022\/08\/cropped-logo_CK_SK_-1024x627.png 1024w, https:\/\/www.rozdeleni-presto-spolu.net\/wp-content\/uploads\/2022\/08\/cropped-logo_CK_SK_-300x184.png 300w, https:\/\/www.rozdeleni-presto-spolu.net\/wp-content\/uploads\/2022\/08\/cropped-logo_CK_SK_-768x470.png 768w, https:\/\/www.rozdeleni-presto-spolu.net\/wp-content\/uploads\/2022\/08\/cropped-logo_CK_SK_.png 1162w\" sizes=\"auto, (max-width: 222px) 100vw, 222px\" \/><\/figure><\/div>\n<\/div>\n<\/div>\n","protected":false},"excerpt":{"rendered":"<p>\u010ceskoslovenk\u00e1 kucha\u0159ka Tradi\u010dn\u00ed pokrmy z \u010ceska a Slovenka Kade\u0159nick\u00e9 \u00fa\u010desy Srovn\u00e1n\u00ed \u010desk\u00e9ho a slovensk\u00e9ho syst\u00e9mu odborn\u00e9ho \u0161kolstv\u00ed pro obory Kade\u0159n\u00edk, Kade\u0159n\u00edk-\u010d\u00ed\u0161n\u00edk a Hostinsk\u00fd<\/p>\n","protected":false},"author":1,"featured_media":0,"parent":0,"menu_order":0,"comment_status":"closed","ping_status":"closed","template":"","meta":{"footnotes":""},"class_list":["post-46","page","type-page","status-publish","hentry"],"_links":{"self":[{"href":"https:\/\/www.rozdeleni-presto-spolu.net\/index.php\/wp-json\/wp\/v2\/pages\/46","targetHints":{"allow":["GET"]}}],"collection":[{"href":"https:\/\/www.rozdeleni-presto-spolu.net\/index.php\/wp-json\/wp\/v2\/pages"}],"about":[{"href":"https:\/\/www.rozdeleni-presto-spolu.net\/index.php\/wp-json\/wp\/v2\/types\/page"}],"author":[{"embeddable":true,"href":"https:\/\/www.rozdeleni-presto-spolu.net\/index.php\/wp-json\/wp\/v2\/users\/1"}],"replies":[{"embeddable":true,"href":"https:\/\/www.rozdeleni-presto-spolu.net\/index.php\/wp-json\/wp\/v2\/comments?post=46"}],"version-history":[{"count":14,"href":"https:\/\/www.rozdeleni-presto-spolu.net\/index.php\/wp-json\/wp\/v2\/pages\/46\/revisions"}],"predecessor-version":[{"id":1429,"href":"https:\/\/www.rozdeleni-presto-spolu.net\/index.php\/wp-json\/wp\/v2\/pages\/46\/revisions\/1429"}],"wp:attachment":[{"href":"https:\/\/www.rozdeleni-presto-spolu.net\/index.php\/wp-json\/wp\/v2\/media?parent=46"}],"curies":[{"name":"wp","href":"https:\/\/api.w.org\/{rel}","templated":true}]}}